{"id":1339,"date":"2025-02-07T12:01:39","date_gmt":"2025-02-07T11:01:39","guid":{"rendered":"https:\/\/www.hydrosolutions13.fr\/?page_id=1339"},"modified":"2025-04-01T10:51:03","modified_gmt":"2025-04-01T08:51:03","slug":"plomberie","status":"publish","type":"page","link":"https:\/\/www.hydrosolutions13.fr\/index.php\/plomberie\/","title":{"rendered":"Plomberie"},"content":{"rendered":"\t\t<div data-elementor-type=\"wp-page\" data-elementor-id=\"1339\" class=\"elementor elementor-1339\">\n\t\t\t\t<div class=\"elementor-element elementor-element-3eb1e5d0 e-flex e-con-boxed e-con e-parent\" data-id=\"3eb1e5d0\" data-element_type=\"container\">\n\t\t\t\t\t<div class=\"e-con-inner\">\n\t\t\t\t<div class=\"elementor-element elementor-element-bd68bb4 elementor-widget elementor-widget-spacer\" data-id=\"bd68bb4\" data-element_type=\"widget\" data-widget_type=\"spacer.default\">\n\t\t\t\t<div class=\"elementor-widget-container\">\n\t\t\t\t\t\t\t<div class=\"elementor-spacer\">\n\t\t\t<div class=\"elementor-spacer-inner\"><\/div>\n\t\t<\/div>\n\t\t\t\t\t\t<\/div>\n\t\t\t\t<\/div>\n\t\t<div class=\"elementor-element elementor-element-e5ae90f e-flex e-con-boxed e-con e-child\" data-id=\"e5ae90f\" data-element_type=\"container\" data-settings=\"{&quot;background_background&quot;:&quot;classic&quot;}\">\n\t\t\t\t\t<div class=\"e-con-inner\">\n\t\t\t\t<div class=\"elementor-element elementor-element-3a79e63 elementor-hidden-mobile elementor-invisible elementor-widget elementor-widget-heading\" data-id=\"3a79e63\" data-element_type=\"widget\" data-settings=\"{&quot;_animation&quot;:&quot;fadeIn&quot;}\" data-widget_type=\"heading.default\">\n\t\t\t\t<div class=\"elementor-widget-container\">\n\t\t\t\t\t<h2 class=\"elementor-heading-title elementor-size-default\">Nos prestations en PLOMBERIE<\/h2>\t\t\t\t<\/div>\n\t\t\t\t<\/div>\n\t\t\t\t<div class=\"elementor-element elementor-element-67e81fd elementor-widget elementor-widget-heading\" data-id=\"67e81fd\" data-element_type=\"widget\" data-widget_type=\"heading.default\">\n\t\t\t\t<div class=\"elementor-widget-container\">\n\t\t\t\t\t<h4 class=\"elementor-heading-title elementor-size-default\">Des solutions compl\u00e8tes pour vos besoins de plomberie<\/h4>\t\t\t\t<\/div>\n\t\t\t\t<\/div>\n\t\t\t\t<div class=\"elementor-element elementor-element-d3a6e91 elementor-hidden-desktop elementor-hidden-tablet elementor-widget elementor-widget-heading\" data-id=\"d3a6e91\" data-element_type=\"widget\" data-widget_type=\"heading.default\">\n\t\t\t\t<div class=\"elementor-widget-container\">\n\t\t\t\t\t<h3 class=\"elementor-heading-title elementor-size-default\">Nos prestations en<br>PLOMBERIE ?<\/h3>\t\t\t\t<\/div>\n\t\t\t\t<\/div>\n\t\t<div class=\"elementor-element elementor-element-8923194 e-grid e-con-full e-con e-child\" data-id=\"8923194\" data-element_type=\"container\">\n\t\t\t\t<div class=\"elementor-element elementor-element-9b2e335 elementor-widget elementor-widget-text-editor\" data-id=\"9b2e335\" data-element_type=\"widget\" data-widget_type=\"text-editor.default\">\n\t\t\t\t<div class=\"elementor-widget-container\">\n\t\t\t\t\t\t\t\t\t<ul>\n<li><strong>R\u00e9paration de Fuites<\/strong> : Localisation et r\u00e9paration de fuites sur vos canalisations, sanitaires, ou chauffe-eaux.<\/li>\n<\/ul>\n<p>\u00a0<\/p>\n<ul>\n<li><strong>D\u00e9pannage Rapide<\/strong> : Intervention en urgence pour d\u00e9boucher vos tuyaux, r\u00e9parer une fuite ou r\u00e9soudre une panne.<\/li>\n<\/ul>\n<p>\u00a0<\/p>\n<ul>\n<li><strong>Installation de Nouveaux \u00c9quipements<\/strong> : Pose de chauffe-eaux, robinetterie, \u00e9viers, WC, et autres installations sanitaires.<\/li>\n<\/ul>\n<p>\u00a0<\/p>\n<ul>\n<li><strong>Entretien Pr\u00e9ventif<\/strong> : Diagnostic et maintenance r\u00e9guli\u00e8re de vos \u00e9quipements pour \u00e9viter les pannes co\u00fbteuses.<\/li>\n<\/ul>\n<p>\u00a0<\/p>\n<ul>\n<li><strong>Remplacement de Canalisations<\/strong> : R\u00e9paration ou remplacement de tuyauteries us\u00e9es pour garantir un syst\u00e8me fiable et performant.<\/li>\n<\/ul>\t\t\t\t\t\t\t\t<\/div>\n\t\t\t\t<\/div>\n\t\t\t\t<div class=\"elementor-element elementor-element-b390f55 elementor-widget elementor-widget-image\" data-id=\"b390f55\" data-element_type=\"widget\" data-widget_type=\"image.default\">\n\t\t\t\t<div class=\"elementor-widget-container\">\n\t\t\t\t\t\t\t\t\t\t\t\t\t\t\t<img fetchpriority=\"high\" decoding=\"async\" width=\"1024\" height=\"683\" src=\"https:\/\/www.hydrosolutions13.fr\/wp-content\/uploads\/2025\/02\/top-view-of-wrench-shower-faucet-valve-diverter-2024-10-18-03-56-59-utc-1024x683.jpg\" class=\"attachment-large size-large wp-image-1345\" alt=\"\" srcset=\"https:\/\/www.hydrosolutions13.fr\/wp-content\/uploads\/2025\/02\/top-view-of-wrench-shower-faucet-valve-diverter-2024-10-18-03-56-59-utc-1024x683.jpg 1024w, https:\/\/www.hydrosolutions13.fr\/wp-content\/uploads\/2025\/02\/top-view-of-wrench-shower-faucet-valve-diverter-2024-10-18-03-56-59-utc-300x200.jpg 300w, https:\/\/www.hydrosolutions13.fr\/wp-content\/uploads\/2025\/02\/top-view-of-wrench-shower-faucet-valve-diverter-2024-10-18-03-56-59-utc-768x512.jpg 768w, https:\/\/www.hydrosolutions13.fr\/wp-content\/uploads\/2025\/02\/top-view-of-wrench-shower-faucet-valve-diverter-2024-10-18-03-56-59-utc-1536x1024.jpg 1536w, https:\/\/www.hydrosolutions13.fr\/wp-content\/uploads\/2025\/02\/top-view-of-wrench-shower-faucet-valve-diverter-2024-10-18-03-56-59-utc-2048x1365.jpg 2048w, https:\/\/www.hydrosolutions13.fr\/wp-content\/uploads\/2025\/02\/top-view-of-wrench-shower-faucet-valve-diverter-2024-10-18-03-56-59-utc-930x620.jpg 930w\" sizes=\"(max-width: 1024px) 100vw, 1024px\" \/>\t\t\t\t\t\t\t\t\t\t\t\t\t\t\t<\/div>\n\t\t\t\t<\/div>\n\t\t\t\t<\/div>\n\t\t\t\t\t<\/div>\n\t\t\t\t<\/div>\n\t\t\t\t<div class=\"elementor-element elementor-element-06986c5 elementor-widget elementor-widget-spacer\" data-id=\"06986c5\" data-element_type=\"widget\" data-widget_type=\"spacer.default\">\n\t\t\t\t<div class=\"elementor-widget-container\">\n\t\t\t\t\t\t\t<div class=\"elementor-spacer\">\n\t\t\t<div class=\"elementor-spacer-inner\"><\/div>\n\t\t<\/div>\n\t\t\t\t\t\t<\/div>\n\t\t\t\t<\/div>\n\t\t<div class=\"elementor-element elementor-element-280507f e-con-full e-flex e-con e-child\" data-id=\"280507f\" data-element_type=\"container\" data-settings=\"{&quot;background_background&quot;:&quot;classic&quot;}\">\n\t\t\t\t<div class=\"elementor-element elementor-element-6c0339d elementor-widget elementor-widget-spacer\" data-id=\"6c0339d\" data-element_type=\"widget\" data-widget_type=\"spacer.default\">\n\t\t\t\t<div class=\"elementor-widget-container\">\n\t\t\t\t\t\t\t<div class=\"elementor-spacer\">\n\t\t\t<div class=\"elementor-spacer-inner\"><\/div>\n\t\t<\/div>\n\t\t\t\t\t\t<\/div>\n\t\t\t\t<\/div>\n\t\t\t\t<div class=\"elementor-element elementor-element-ca84501 elementor-widget elementor-widget-heading\" data-id=\"ca84501\" data-element_type=\"widget\" data-widget_type=\"heading.default\">\n\t\t\t\t<div class=\"elementor-widget-container\">\n\t\t\t\t\t<h2 class=\"elementor-heading-title elementor-size-default\">Pourquoi faire appel \u00e0 nous ?<\/h2>\t\t\t\t<\/div>\n\t\t\t\t<\/div>\n\t\t\t\t<div class=\"elementor-element elementor-element-6a64fc3 elementor-widget elementor-widget-spacer\" data-id=\"6a64fc3\" data-element_type=\"widget\" data-widget_type=\"spacer.default\">\n\t\t\t\t<div class=\"elementor-widget-container\">\n\t\t\t\t\t\t\t<div class=\"elementor-spacer\">\n\t\t\t<div class=\"elementor-spacer-inner\"><\/div>\n\t\t<\/div>\n\t\t\t\t\t\t<\/div>\n\t\t\t\t<\/div>\n\t\t\t\t<div class=\"elementor-element elementor-element-98f6246 elementor-widget elementor-widget-text-editor\" data-id=\"98f6246\" data-element_type=\"widget\" data-widget_type=\"text-editor.default\">\n\t\t\t\t<div class=\"elementor-widget-container\">\n\t\t\t\t\t\t\t\t\t<p>Des interventions <strong>rapides<\/strong> et <strong>fiables<\/strong>, adapt\u00e9es \u00e0 tous les types de probl\u00e8mes.<\/p><p>Une expertise couvrant aussi bien les <strong>petits travaux<\/strong> que les <strong>projets plus complexes.<\/strong><\/p><p>Des conseils <strong>personnalis\u00e9s<\/strong> pour <strong>prolonger<\/strong> la<strong> dur\u00e9e de vie<\/strong> de vos installations.<\/p><p>\u00a0<\/p><p><strong>Appelez-nous<\/strong> d\u00e8s maintenant au <strong>07 86 18 15 29<\/strong> pour une <strong>intervention rapide<\/strong> ou un <strong>devis gratuit<\/strong>.<\/p><p><strong>Contactez-nous<\/strong> par <strong>email<\/strong> : <a href=\"mailto:contact@hydrosolutions13.fr\" target=\"_blank\" rel=\"noopener\">contact@hydrosolutions13.fr<\/a><\/p>\t\t\t\t\t\t\t\t<\/div>\n\t\t\t\t<\/div>\n\t\t\t\t<div class=\"elementor-element elementor-element-ab75691 elementor-widget elementor-widget-button\" data-id=\"ab75691\" data-element_type=\"widget\" data-widget_type=\"button.default\">\n\t\t\t\t<div class=\"elementor-widget-container\">\n\t\t\t\t\t\t\t\t\t<div class=\"elementor-button-wrapper\">\n\t\t\t\t\t<a class=\"elementor-button elementor-button-link elementor-size-sm\" href=\"https:\/\/www.hydrosolutions13.fr\/index.php\/contact\/\">\n\t\t\t\t\t\t<span class=\"elementor-button-content-wrapper\">\n\t\t\t\t\t\t\t\t\t<span class=\"elementor-button-text\">Contactez-nous<\/span>\n\t\t\t\t\t<\/span>\n\t\t\t\t\t<\/a>\n\t\t\t\t<\/div>\n\t\t\t\t\t\t\t\t<\/div>\n\t\t\t\t<\/div>\n\t\t\t\t<div class=\"elementor-element elementor-element-eded1ee elementor-widget elementor-widget-spacer\" data-id=\"eded1ee\" data-element_type=\"widget\" data-widget_type=\"spacer.default\">\n\t\t\t\t<div class=\"elementor-widget-container\">\n\t\t\t\t\t\t\t<div class=\"elementor-spacer\">\n\t\t\t<div class=\"elementor-spacer-inner\"><\/div>\n\t\t<\/div>\n\t\t\t\t\t\t<\/div>\n\t\t\t\t<\/div>\n\t\t\t\t<\/div>\n\t\t\t\t\t<\/div>\n\t\t\t\t<\/div>\n\t\t\t\t<\/div>\n\t\t","protected":false},"excerpt":{"rendered":"<p>Nos prestations en PLOMBERIE Des solutions compl\u00e8tes pour vos besoins de plomberie Nos prestations enPLOMBERIE ? R\u00e9paration de Fuites : Localisation et r\u00e9paration de fuites sur vos canalisations, sanitaires, ou chauffe-eaux. \u00a0 D\u00e9pannage Rapide : Intervention en urgence pour d\u00e9boucher vos tuyaux, r\u00e9parer une fuite ou r\u00e9soudre une panne. \u00a0 Installation de Nouveaux \u00c9quipements :&hellip;&nbsp;<a href=\"https:\/\/www.hydrosolutions13.fr\/index.php\/plomberie\/\" rel=\"bookmark\">Read More &raquo;<span class=\"screen-reader-text\">Plomberie<\/span><\/a><\/p>\n","protected":false},"author":2,"featured_media":0,"parent":0,"menu_order":0,"comment_status":"closed","ping_status":"closed","template":"page-templates\/template-pagebuilder-full-width.php","meta":{"neve_meta_sidebar":"default","neve_meta_container":"default","neve_meta_enable_content_width":"on","neve_meta_content_width":100,"neve_meta_title_alignment":"","neve_meta_author_avatar":"","neve_post_elements_order":"","neve_meta_disable_header":"","neve_meta_disable_footer":"","neve_meta_disable_title":"on","_themeisle_gutenberg_block_has_review":false,"footnotes":""},"class_list":["post-1339","page","type-page","status-publish","hentry"],"_links":{"self":[{"href":"https:\/\/www.hydrosolutions13.fr\/index.php\/wp-json\/wp\/v2\/pages\/1339","targetHints":{"allow":["GET"]}}],"collection":[{"href":"https:\/\/www.hydrosolutions13.fr\/index.php\/wp-json\/wp\/v2\/pages"}],"about":[{"href":"https:\/\/www.hydrosolutions13.fr\/index.php\/wp-json\/wp\/v2\/types\/page"}],"author":[{"embeddable":true,"href":"https:\/\/www.hydrosolutions13.fr\/index.php\/wp-json\/wp\/v2\/users\/2"}],"replies":[{"embeddable":true,"href":"https:\/\/www.hydrosolutions13.fr\/index.php\/wp-json\/wp\/v2\/comments?post=1339"}],"version-history":[{"count":27,"href":"https:\/\/www.hydrosolutions13.fr\/index.php\/wp-json\/wp\/v2\/pages\/1339\/revisions"}],"predecessor-version":[{"id":1501,"href":"https:\/\/www.hydrosolutions13.fr\/index.php\/wp-json\/wp\/v2\/pages\/1339\/revisions\/1501"}],"wp:attachment":[{"href":"https:\/\/www.hydrosolutions13.fr\/index.php\/wp-json\/wp\/v2\/media?parent=1339"}],"curies":[{"name":"wp","href":"https:\/\/api.w.org\/{rel}","templated":true}]}}