{"id":1471,"date":"2025-04-01T10:33:51","date_gmt":"2025-04-01T08:33:51","guid":{"rendered":"https:\/\/www.hydrosolutions13.fr\/?page_id=1471"},"modified":"2025-04-01T10:41:16","modified_gmt":"2025-04-01T08:41:16","slug":"qui-suis-je","status":"publish","type":"page","link":"https:\/\/www.hydrosolutions13.fr\/index.php\/qui-suis-je\/","title":{"rendered":"Qui suis-je"},"content":{"rendered":"\t\t<div data-elementor-type=\"wp-page\" data-elementor-id=\"1471\" class=\"elementor elementor-1471\">\n\t\t\t\t<div class=\"elementor-element elementor-element-3eb1e5d0 e-flex e-con-boxed e-con e-parent\" data-id=\"3eb1e5d0\" data-element_type=\"container\">\n\t\t\t\t\t<div class=\"e-con-inner\">\n\t\t\t\t<div class=\"elementor-element elementor-element-bd68bb4 elementor-widget elementor-widget-spacer\" data-id=\"bd68bb4\" data-element_type=\"widget\" data-widget_type=\"spacer.default\">\n\t\t\t\t<div class=\"elementor-widget-container\">\n\t\t\t\t\t\t\t<div class=\"elementor-spacer\">\n\t\t\t<div class=\"elementor-spacer-inner\"><\/div>\n\t\t<\/div>\n\t\t\t\t\t\t<\/div>\n\t\t\t\t<\/div>\n\t\t<div class=\"elementor-element elementor-element-e5ae90f e-flex e-con-boxed e-con e-child\" data-id=\"e5ae90f\" data-element_type=\"container\" data-settings=\"{&quot;background_background&quot;:&quot;classic&quot;}\">\n\t\t\t\t\t<div class=\"e-con-inner\">\n\t\t\t\t<div class=\"elementor-element elementor-element-3a79e63 elementor-hidden-mobile elementor-widget elementor-widget-heading\" data-id=\"3a79e63\" data-element_type=\"widget\" data-widget_type=\"heading.default\">\n\t\t\t\t<div class=\"elementor-widget-container\">\n\t\t\t\t\t<h2 class=\"elementor-heading-title elementor-size-default\">Qui suis-je ?<\/h2>\t\t\t\t<\/div>\n\t\t\t\t<\/div>\n\t\t\t\t<div class=\"elementor-element elementor-element-67e81fd elementor-widget elementor-widget-heading\" data-id=\"67e81fd\" data-element_type=\"widget\" data-widget_type=\"heading.default\">\n\t\t\t\t<div class=\"elementor-widget-container\">\n\t\t\t\t\t<h4 class=\"elementor-heading-title elementor-size-default\">Une petite pr\u00e9sentation s'impose<\/h4>\t\t\t\t<\/div>\n\t\t\t\t<\/div>\n\t\t<div class=\"elementor-element elementor-element-8923194 e-grid e-con-full e-con e-child\" data-id=\"8923194\" data-element_type=\"container\">\n\t\t\t\t<div class=\"elementor-element elementor-element-9b2e335 elementor-widget elementor-widget-text-editor\" data-id=\"9b2e335\" data-element_type=\"widget\" data-widget_type=\"text-editor.default\">\n\t\t\t\t<div class=\"elementor-widget-container\">\n\t\t\t\t\t\t\t\t\t<p><br><\/p>\n<p><br><\/p>\n<p>Je m\u2019appelle Ben Lauzier, j\u2019ai 27 ans. Apr\u00e8s un Bac Pro Technicien en Syst\u00e8mes \u00c9nerg\u00e9tiques et Climatiques, j\u2019ai eu la chance d\u2019\u00eatre embauch\u00e9 d\u00e8s la fin de ma formation par une entreprise formidable, o\u00f9 j\u2019ai beaucoup appris. Originaire de Dordogne, j\u2019ai d\u00e9cid\u00e9 de me lancer \u00e0 mon compte en 2017, en tant que plombier-chauffagiste.<\/p><p><br><\/p>\n<p>Au fil du temps, j\u2019ai d\u00e9couvert l\u2019univers de la couverture aupr\u00e8s d\u2019amis d\u00e9j\u00e0 install\u00e9s dans ce domaine. J\u2019ai vite compris l\u2019int\u00e9r\u00eat de combiner ces deux savoir-faire : plus besoin de faire appel \u00e0 deux artisans diff\u00e9rents pour la recherche et la r\u00e9paration de fuites. Un seul interlocuteur pour tout g\u00e9rer, c\u2019est plus simple\u2026 et plus rentable pour tout le monde !<\/p><p><br><\/p>\n<p>\u00c0 mon arriv\u00e9e dans la r\u00e9gion, j\u2019ai fond\u00e9 Hydrosolutions 13, pour vous \u00e9viter les inondations intra-muros et vous permettre de dormir sur vos deux oreilles, m\u00eame par temps de pluie.&nbsp;<\/p><p><br><\/p><p>Mon objectif ? Vous simplifier la vie, du diagnostic jusqu\u2019\u00e0 la r\u00e9paration, tout en \u00e9pargnant vos nerfs (et votre porte-monnaie).&nbsp;<\/p><p><br><\/p><p>Parce qu\u2019il faut bien gagner sa vie\u2026 mais autant \u00e9viter de la laisser partir dans les fuites !<\/p>\t\t\t\t\t\t\t\t<\/div>\n\t\t\t\t<\/div>\n\t\t\t\t<div class=\"elementor-element elementor-element-b390f55 elementor-widget__width-auto elementor-widget elementor-widget-image\" data-id=\"b390f55\" data-element_type=\"widget\" data-widget_type=\"image.default\">\n\t\t\t\t<div class=\"elementor-widget-container\">\n\t\t\t\t\t\t\t\t\t\t\t\t\t\t\t<img fetchpriority=\"high\" decoding=\"async\" width=\"1707\" height=\"2560\" src=\"https:\/\/www.hydrosolutions13.fr\/wp-content\/uploads\/2025\/04\/Image-2-scaled.jpg\" class=\"attachment-full size-full wp-image-1473\" alt=\"\" srcset=\"https:\/\/www.hydrosolutions13.fr\/wp-content\/uploads\/2025\/04\/Image-2-scaled.jpg 1707w, https:\/\/www.hydrosolutions13.fr\/wp-content\/uploads\/2025\/04\/Image-2-200x300.jpg 200w, https:\/\/www.hydrosolutions13.fr\/wp-content\/uploads\/2025\/04\/Image-2-683x1024.jpg 683w, https:\/\/www.hydrosolutions13.fr\/wp-content\/uploads\/2025\/04\/Image-2-768x1152.jpg 768w\" sizes=\"(max-width: 1707px) 100vw, 1707px\" \/>\t\t\t\t\t\t\t\t\t\t\t\t\t\t\t<\/div>\n\t\t\t\t<\/div>\n\t\t\t\t<\/div>\n\t\t\t\t\t<\/div>\n\t\t\t\t<\/div>\n\t\t\t\t<div class=\"elementor-element elementor-element-06986c5 elementor-widget elementor-widget-spacer\" data-id=\"06986c5\" data-element_type=\"widget\" data-widget_type=\"spacer.default\">\n\t\t\t\t<div class=\"elementor-widget-container\">\n\t\t\t\t\t\t\t<div class=\"elementor-spacer\">\n\t\t\t<div class=\"elementor-spacer-inner\"><\/div>\n\t\t<\/div>\n\t\t\t\t\t\t<\/div>\n\t\t\t\t<\/div>\n\t\t<div class=\"elementor-element elementor-element-280507f e-con-full e-flex e-con e-child\" data-id=\"280507f\" data-element_type=\"container\" data-settings=\"{&quot;background_background&quot;:&quot;classic&quot;}\">\n\t\t\t\t<div class=\"elementor-element elementor-element-6c0339d elementor-widget elementor-widget-spacer\" data-id=\"6c0339d\" data-element_type=\"widget\" data-widget_type=\"spacer.default\">\n\t\t\t\t<div class=\"elementor-widget-container\">\n\t\t\t\t\t\t\t<div class=\"elementor-spacer\">\n\t\t\t<div class=\"elementor-spacer-inner\"><\/div>\n\t\t<\/div>\n\t\t\t\t\t\t<\/div>\n\t\t\t\t<\/div>\n\t\t\t\t<div class=\"elementor-element elementor-element-ca84501 elementor-hidden-mobile elementor-widget elementor-widget-heading\" data-id=\"ca84501\" data-element_type=\"widget\" data-widget_type=\"heading.default\">\n\t\t\t\t<div class=\"elementor-widget-container\">\n\t\t\t\t\t<h2 class=\"elementor-heading-title elementor-size-default\">Pourquoi faire appel \u00e0 HYDRSOLUTIONS13 ?<\/h2>\t\t\t\t<\/div>\n\t\t\t\t<\/div>\n\t\t\t\t<div class=\"elementor-element elementor-element-6a64fc3 elementor-widget elementor-widget-spacer\" data-id=\"6a64fc3\" data-element_type=\"widget\" data-widget_type=\"spacer.default\">\n\t\t\t\t<div class=\"elementor-widget-container\">\n\t\t\t\t\t\t\t<div class=\"elementor-spacer\">\n\t\t\t<div class=\"elementor-spacer-inner\"><\/div>\n\t\t<\/div>\n\t\t\t\t\t\t<\/div>\n\t\t\t\t<\/div>\n\t\t\t\t<div class=\"elementor-element elementor-element-98f6246 elementor-widget elementor-widget-text-editor\" data-id=\"98f6246\" data-element_type=\"widget\" data-widget_type=\"text-editor.default\">\n\t\t\t\t<div class=\"elementor-widget-container\">\n\t\t\t\t\t\t\t\t\t<p>Des interventions\u00a0<strong>rapides<\/strong>\u00a0et\u00a0<strong>fiables<\/strong>, adapt\u00e9es \u00e0 tous les types de probl\u00e8mes.<\/p><p>Une expertise couvrant aussi bien les\u00a0<strong>petits travaux<\/strong>\u00a0que les\u00a0<strong>projets plus complexes.<\/strong><\/p><p>Des conseils\u00a0<strong>personnalis\u00e9s<\/strong>\u00a0pour\u00a0<strong>prolonger<\/strong>\u00a0la<strong>\u00a0dur\u00e9e de vie<\/strong>\u00a0de vos installations.<\/p><p>\u00a0<\/p><p>Besoin d\u2019une <strong>r\u00e9paration<\/strong> ou d\u2019un <strong>entretien<\/strong> ? <strong>Appelez<\/strong> le <strong>07 86 18 15 29.<\/strong><\/p><p>Envoyez-nous un <strong>email<\/strong> \u00e0 <a href=\"mailto:contact@hydrosolutions13.fr\" target=\"_blank\" rel=\"noopener\">contact@hydrosolutions13.fr<\/a>\u00a0pour un <strong>devis d\u00e9taill\u00e9<\/strong>.<\/p>\t\t\t\t\t\t\t\t<\/div>\n\t\t\t\t<\/div>\n\t\t\t\t<div class=\"elementor-element elementor-element-ab75691 elementor-widget elementor-widget-button\" data-id=\"ab75691\" data-element_type=\"widget\" data-widget_type=\"button.default\">\n\t\t\t\t<div class=\"elementor-widget-container\">\n\t\t\t\t\t\t\t\t\t<div class=\"elementor-button-wrapper\">\n\t\t\t\t\t<a class=\"elementor-button elementor-button-link elementor-size-sm\" href=\"https:\/\/www.hydrosolutions13.fr\/index.php\/contact\/\">\n\t\t\t\t\t\t<span class=\"elementor-button-content-wrapper\">\n\t\t\t\t\t\t\t\t\t<span class=\"elementor-button-text\">Contactez-nous<\/span>\n\t\t\t\t\t<\/span>\n\t\t\t\t\t<\/a>\n\t\t\t\t<\/div>\n\t\t\t\t\t\t\t\t<\/div>\n\t\t\t\t<\/div>\n\t\t\t\t<div class=\"elementor-element elementor-element-eded1ee elementor-widget elementor-widget-spacer\" data-id=\"eded1ee\" data-element_type=\"widget\" data-widget_type=\"spacer.default\">\n\t\t\t\t<div class=\"elementor-widget-container\">\n\t\t\t\t\t\t\t<div class=\"elementor-spacer\">\n\t\t\t<div class=\"elementor-spacer-inner\"><\/div>\n\t\t<\/div>\n\t\t\t\t\t\t<\/div>\n\t\t\t\t<\/div>\n\t\t\t\t<\/div>\n\t\t\t\t\t<\/div>\n\t\t\t\t<\/div>\n\t\t\t\t<\/div>\n\t\t","protected":false},"excerpt":{"rendered":"<p>Qui suis-je ? Une petite pr\u00e9sentation s&#8217;impose Je m\u2019appelle Ben Lauzier, j\u2019ai 27 ans. Apr\u00e8s un Bac Pro Technicien en Syst\u00e8mes \u00c9nerg\u00e9tiques et Climatiques, j\u2019ai eu la chance d\u2019\u00eatre embauch\u00e9 d\u00e8s la fin de ma formation par une entreprise formidable, o\u00f9 j\u2019ai beaucoup appris. Originaire de Dordogne, j\u2019ai d\u00e9cid\u00e9 de me lancer \u00e0 mon compte&hellip;&nbsp;<a href=\"https:\/\/www.hydrosolutions13.fr\/index.php\/qui-suis-je\/\" rel=\"bookmark\">Read More &raquo;<span class=\"screen-reader-text\">Qui suis-je<\/span><\/a><\/p>\n","protected":false},"author":2,"featured_media":0,"parent":0,"menu_order":0,"comment_status":"closed","ping_status":"closed","template":"page-templates\/template-pagebuilder-full-width.php","meta":{"neve_meta_sidebar":"default","neve_meta_container":"default","neve_meta_enable_content_width":"on","neve_meta_content_width":100,"neve_meta_title_alignment":"","neve_meta_author_avatar":"","neve_post_elements_order":"","neve_meta_disable_header":"","neve_meta_disable_footer":"","neve_meta_disable_title":"on","_themeisle_gutenberg_block_has_review":false,"footnotes":""},"class_list":["post-1471","page","type-page","status-publish","hentry"],"_links":{"self":[{"href":"https:\/\/www.hydrosolutions13.fr\/index.php\/wp-json\/wp\/v2\/pages\/1471","targetHints":{"allow":["GET"]}}],"collection":[{"href":"https:\/\/www.hydrosolutions13.fr\/index.php\/wp-json\/wp\/v2\/pages"}],"about":[{"href":"https:\/\/www.hydrosolutions13.fr\/index.php\/wp-json\/wp\/v2\/types\/page"}],"author":[{"embeddable":true,"href":"https:\/\/www.hydrosolutions13.fr\/index.php\/wp-json\/wp\/v2\/users\/2"}],"replies":[{"embeddable":true,"href":"https:\/\/www.hydrosolutions13.fr\/index.php\/wp-json\/wp\/v2\/comments?post=1471"}],"version-history":[{"count":10,"href":"https:\/\/www.hydrosolutions13.fr\/index.php\/wp-json\/wp\/v2\/pages\/1471\/revisions"}],"predecessor-version":[{"id":1486,"href":"https:\/\/www.hydrosolutions13.fr\/index.php\/wp-json\/wp\/v2\/pages\/1471\/revisions\/1486"}],"wp:attachment":[{"href":"https:\/\/www.hydrosolutions13.fr\/index.php\/wp-json\/wp\/v2\/media?parent=1471"}],"curies":[{"name":"wp","href":"https:\/\/api.w.org\/{rel}","templated":true}]}}