{"id":946,"date":"2020-01-13T11:17:52","date_gmt":"2020-01-13T11:17:52","guid":{"rendered":"https:\/\/demosites.io\/marketing-agency-gb\/?page_id=5"},"modified":"2025-04-16T16:47:57","modified_gmt":"2025-04-16T14:47:57","slug":"bcd31-home","status":"publish","type":"page","link":"https:\/\/www.hydrosolutions13.fr\/","title":{"rendered":"Accueil"},"content":{"rendered":"\t\t<div data-elementor-type=\"wp-page\" data-elementor-id=\"946\" class=\"elementor elementor-946\">\n\t\t\t\t<div class=\"elementor-element elementor-element-3eb1e5d0 e-flex e-con-boxed e-con e-parent\" data-id=\"3eb1e5d0\" data-element_type=\"container\">\n\t\t\t\t\t<div class=\"e-con-inner\">\n\t\t\t\t<div class=\"elementor-element elementor-element-aab7cd9 elementor-widget__width-auto elementor-invisible elementor-widget elementor-widget-text-editor\" data-id=\"aab7cd9\" data-element_type=\"widget\" data-settings=\"{&quot;_animation&quot;:&quot;fadeIn&quot;}\" data-widget_type=\"text-editor.default\">\n\t\t\t\t<div class=\"elementor-widget-container\">\n\t\t\t\t\t\t\t\t\t<div class=\"wp-block-cover alignfull\" style=\"margin-top: -10%; min-height: 800px;\">\n<p><img fetchpriority=\"high\" decoding=\"async\" width=\"1640\" height=\"922\" class=\"wp-block-cover__image-background wp-image-608 alignnone\" style=\"object-position: 50% 72%;\" src=\"http:\/\/www.hydrosolutions13.fr\/wp-content\/uploads\/2024\/05\/neve-hero-2.png\" alt=\"\" data-object-fit=\"cover\" data-object-position=\"50% 72%\" srcset=\"https:\/\/www.hydrosolutions13.fr\/wp-content\/uploads\/2024\/05\/neve-hero-2.png 1640w, https:\/\/www.hydrosolutions13.fr\/wp-content\/uploads\/2024\/05\/neve-hero-2-600x337.png 600w, https:\/\/www.hydrosolutions13.fr\/wp-content\/uploads\/2024\/05\/neve-hero-2-300x169.png 300w\" sizes=\"(max-width: 1640px) 100vw, 1640px\" \/><\/p>\n<div class=\"wp-block-cover__inner-container\" style=\"padding: 10%;\">\n<div class=\"wp-block-columns are-vertically-aligned-center\">\n<div class=\"wp-block-column is-vertically-aligned-center\" style=\"padding-right: var(--wp--preset--spacing--20); padding-left: var(--wp--preset--spacing--20); flex-basis: 65%;\">\n<h1 class=\"wp-block-heading has-text-align-left has-nv-text-dark-bg-color has-text-color hydrosolutions-title \">HYDROSOLUTIONS13<\/h1>\n<p><!-- \/wp:heading  --><!-- wp:paragraph {\"align\":\"left\",\"style\":{\"typography\":{\"fontSize\":\"19px\"}},\"textColor\":\"nv-text-dark-bg\"} --><\/p>\n<p class=\"has-text-align-left has-nv-text-dark-bg-color has-text-color\" style=\"font-size: 19px;\">Bas\u00e9e \u00e0 Aix-en-Provence, HYDROSOLUTIONS13 est votre entreprise sp\u00e9cialis\u00e9e en recherche de fuites, travaux de plomberie et couverture dans les Bouches-du-Rh\u00f4ne. Notre \u00e9quipe d\u2019experts intervient rapidement et efficacement pour r\u00e9pondre \u00e0 vos besoins en mati\u00e8re de maintenance, de r\u00e9paration et d\u2019entretien.<\/p>\n<p><!-- \/wp:paragraph --><!-- wp:paragraph {\"align\":\"left\",\"style\":{\"typography\":{\"fontSize\":\"19px\"}},\"textColor\":\"nv-text-dark-bg\"} --><\/p>\n<p class=\"has-text-align-left has-nv-text-dark-bg-color has-text-color\" style=\"font-size: 19px;\">Avec des solutions sur mesure et un savoir-faire reconnu, nous sommes l\u00e0 pour prot\u00e9ger votre habitat et vous offrir un service de qualit\u00e9. Faites confiance \u00e0 notre expertise pour un confort durable au quotidien.<\/p>\n<p><!-- \/wp:paragraph --><!-- wp:buttons {\"layout\":{\"type\":\"flex\",\"orientation\":\"horizontal\"}} --><\/p>\n<div class=\"wp-block-buttons\">\n<p><!-- wp:button {\"className\":\"is-style-primary\",\"style\":{\"color\":{\"background\":\"#ffffff\",\"text\":\"#0a2279\"},\"elements\":{\"link\":{\"color\":{\"text\":\"#0a2279\"}}}}} --><\/p>\n<div class=\"wp-block-button is-style-primary\"><a class=\"wp-block-button__link has-text-color has-background has-link-color wp-element-button\" style=\"color: #0a2279; background-color: #ffffff;\" href=\"https:\/\/www.hydrosolutions13.fr\/index.php\/plomberie\/\">Nos services<\/a><\/div>\n<div>\u00a0<\/div>\n<\/div>\n<p><!-- \/wp:spacer --><\/p>\n<\/div>\n<p><!-- \/wp:column --><!-- wp:column {\"verticalAlignment\":\"center\"} --><\/p>\n<div class=\"wp-block-column is-vertically-aligned-center\">\n<p><!-- wp:image {\"id\":868,\"sizeSlug\":\"full\",\"linkDestination\":\"none\"} --><\/p>\n<figure class=\"wp-block-image size-full\"><img decoding=\"async\" class=\"alignnone wp-image-1414 size-full\" src=\"http:\/\/www.hydrosolutions13.fr\/wp-content\/uploads\/2025\/02\/ben-modif-2.png\" alt=\"\" width=\"3794\" height=\"5691\" srcset=\"https:\/\/www.hydrosolutions13.fr\/wp-content\/uploads\/2025\/02\/ben-modif-2.png 3794w, https:\/\/www.hydrosolutions13.fr\/wp-content\/uploads\/2025\/02\/ben-modif-2-200x300.png 200w, https:\/\/www.hydrosolutions13.fr\/wp-content\/uploads\/2025\/02\/ben-modif-2-683x1024.png 683w, https:\/\/www.hydrosolutions13.fr\/wp-content\/uploads\/2025\/02\/ben-modif-2-768x1152.png 768w, https:\/\/www.hydrosolutions13.fr\/wp-content\/uploads\/2025\/02\/ben-modif-2-1024x1536.png 1024w, https:\/\/www.hydrosolutions13.fr\/wp-content\/uploads\/2025\/02\/ben-modif-2-1365x2048.png 1365w\" sizes=\"(max-width: 3794px) 100vw, 3794px\" \/><\/figure>\n<h1>\u00a0<\/h1>\n<p><!-- \/wp:image --><\/p>\n<\/div>\n<p><!-- \/wp:column --><\/p>\n<\/div>\n<p><!-- \/wp:columns --><\/p>\n<\/div>\n<\/div>\n<p><!-- \/wp:cover --><\/p>\n<p><!-- \/wp:cover --><\/p>\n<p><style>\n@media (max-width: 480px) {\n    .hydrosolutions-title {\n        font-size: 19px !important;\n    }\n}\n<\/style><\/p>\t\t\t\t\t\t\t\t<\/div>\n\t\t\t\t<\/div>\n\t\t<div class=\"elementor-element elementor-element-3f38208 e-con-full e-flex e-con e-child\" data-id=\"3f38208\" data-element_type=\"container\" data-settings=\"{&quot;background_background&quot;:&quot;classic&quot;,&quot;animation&quot;:&quot;none&quot;}\">\n\t\t\t\t<div class=\"elementor-element elementor-element-4db38a5 elementor-widget elementor-widget-counter\" data-id=\"4db38a5\" data-element_type=\"widget\" data-widget_type=\"counter.default\">\n\t\t\t\t<div class=\"elementor-widget-container\">\n\t\t\t\t\t\t\t<div class=\"elementor-counter\">\n\t\t\t<div class=\"elementor-counter-title\">OFFERTS*<\/div>\t\t\t<div class=\"elementor-counter-number-wrapper\">\n\t\t\t\t<span class=\"elementor-counter-number-prefix\"><\/span>\n\t\t\t\t<span class=\"elementor-counter-number\" data-duration=\"2000\" data-to-value=\"100\" data-from-value=\"0\" data-delimiter=\",\">0<\/span>\n\t\t\t\t<span class=\"elementor-counter-number-suffix\">\u20ac<\/span>\n\t\t\t<\/div>\n\t\t<\/div>\n\t\t\t\t\t\t<\/div>\n\t\t\t\t<\/div>\n\t\t\t\t<\/div>\n\t\t\t\t<div class=\"elementor-element elementor-element-ac544e8 elementor-widget elementor-widget-text-editor\" data-id=\"ac544e8\" data-element_type=\"widget\" data-widget_type=\"text-editor.default\">\n\t\t\t\t<div class=\"elementor-widget-container\">\n\t\t\t\t\t\t\t\t\t<p>*conditions en bas de page<\/p>\t\t\t\t\t\t\t\t<\/div>\n\t\t\t\t<\/div>\n\t\t\t\t<div class=\"elementor-element elementor-element-10fe1d8 elementor-widget elementor-widget-spacer\" data-id=\"10fe1d8\" data-element_type=\"widget\" data-widget_type=\"spacer.default\">\n\t\t\t\t<div class=\"elementor-widget-container\">\n\t\t\t\t\t\t\t<div class=\"elementor-spacer\">\n\t\t\t<div class=\"elementor-spacer-inner\"><\/div>\n\t\t<\/div>\n\t\t\t\t\t\t<\/div>\n\t\t\t\t<\/div>\n\t\t\t\t<div class=\"elementor-element elementor-element-f262e46 elementor-widget__width-auto elementor-widget elementor-widget-text-editor\" data-id=\"f262e46\" data-element_type=\"widget\" data-widget_type=\"text-editor.default\">\n\t\t\t\t<div class=\"elementor-widget-container\">\n\t\t\t\t\t\t\t\t\t<!-- wp:heading {\"textAlign\":\"left\",\"level\":1,\"textColor\":\"nv-text-dark-bg\"} -->\n<h2 class=\"wp-block-heading has-text-align-left\" style=\"color: black;\">NOS SERVICES<\/h2>\n<p><!-- \/wp:heading --><!-- wp:group {\"style\":{\"spacing\":{\"padding\":{\"top\":\"var:preset|spacing|50\",\"bottom\":\"var:preset|spacing|50\"}}},\"layout\":{\"type\":\"constrained\"}} --><\/p>\n<div class=\"wp-block-group\" style=\"padding-top: var(--wp--preset--spacing--50); padding-bottom: var(--wp--preset--spacing--50);\">\n<p><!-- wp:columns --><\/p>\n<div class=\"wp-block-columns\">\n<p><!-- wp:column {\"className\":\"neve-duotone\",\"style\":{\"spacing\":{\"padding\":{\"right\":\"var:preset|spacing|30\",\"left\":\"var:preset|spacing|30\"}}}} --><\/p>\n<div class=\"wp-block-column neve-duotone\" style=\"padding-right: var(--wp--preset--spacing--30); padding-left: var(--wp--preset--spacing--30);\">\n<p><!-- wp:image {\"id\":937,\"sizeSlug\":\"full\",\"linkDestination\":\"none\",\"align\":\"center\",\"className\":\"icon-style is-style-default\",\"style\":{\"color\":{\"duotone\":\"unset\"},\"border\":{\"radius\":\"0px\"}}} --><\/p>\n<figure><\/figure>\n<figure class=\"wp-block-image aligncenter size-full has-custom-border icon-style is-style-default\"><img decoding=\"async\" class=\"alignnone wp-image-1110 size-full\" style=\"border-radius: 0px;\" src=\"http:\/\/www.hydrosolutions13.fr\/wp-content\/uploads\/2025\/02\/fuite-1.png\" alt=\"\" width=\"64\" height=\"64\" \/><\/figure>\n<p><!-- \/wp:image --><!-- wp:spacer {\"height\":\"16px\"} --><\/p>\n<div class=\"wp-block-spacer\" style=\"height: 16px;\" aria-hidden=\"true\">\u00a0<\/div>\n<p><!-- \/wp:spacer --><!-- wp:heading {\"textAlign\":\"center\",\"level\":3,\"className\":\"has-text-align-center\",\"textColor\":\"neve-text-color\"} --><\/p>\n<h4 class=\"wp-block-heading has-text-align-center has-neve-text-color-color has-text-color\">Recherches de fuites<\/h4>\n<p><!-- \/wp:heading --><!-- wp:paragraph {\"align\":\"left\"} --><\/p>\n<ul>\n<li class=\"has-text-align-left\">Localisation pr\u00e9cise des fuites visibles et invisibles (toitures, canalisations, murs, piscines).<\/li>\n<\/ul>\n<p><!-- \/wp:paragraph --><!-- wp:paragraph {\"align\":\"left\"} --><\/p>\n<ul>\n<li class=\"has-text-align-left\">Utilisation de technologies avanc\u00e9es : cam\u00e9ra thermique, d\u00e9tecteurs acoustiques et tra\u00e7age par gaz.<\/li>\n<\/ul>\n<p><!-- \/wp:paragraph --><!-- wp:paragraph {\"align\":\"left\"} --><\/p>\n<ul>\n<li class=\"has-text-align-left\">Intervention rapide pour limiter les d\u00e9g\u00e2ts et pr\u00e9server vos installations.<\/li>\n<\/ul>\n<p><!-- \/wp:paragraph --><\/p>\n<\/div>\n<p><!-- \/wp:column --><!-- wp:column {\"style\":{\"spacing\":{\"padding\":{\"right\":\"var:preset|spacing|30\",\"left\":\"var:preset|spacing|30\"}}}} --><\/p>\n<div class=\"wp-block-column\" style=\"padding-right: var(--wp--preset--spacing--30); padding-left: var(--wp--preset--spacing--30);\">\n<p><!-- wp:image {\"id\":933,\"sizeSlug\":\"full\",\"linkDestination\":\"none\",\"align\":\"center\",\"className\":\"icon-style is-style-default\",\"style\":{\"color\":{},\"border\":{\"radius\":\"0px\"}}} --><\/p>\n<figure class=\"wp-block-image aligncenter size-full has-custom-border icon-style is-style-default\"><img loading=\"lazy\" decoding=\"async\" class=\"alignnone wp-image-1111 size-full\" style=\"border-radius: 0px;\" src=\"http:\/\/www.hydrosolutions13.fr\/wp-content\/uploads\/2025\/02\/plombier.png\" alt=\"\" width=\"64\" height=\"64\" \/><\/figure>\n<p><!-- \/wp:image --><!-- wp:spacer {\"height\":\"16px\"} --><\/p>\n<div class=\"wp-block-spacer\" style=\"height: 16px;\" aria-hidden=\"true\">\u00a0<\/div>\n<p><!-- \/wp:spacer --><!-- wp:heading {\"textAlign\":\"center\",\"level\":3,\"className\":\"has-text-align-center\",\"textColor\":\"neve-text-color\"} --><\/p>\n<h4 class=\"wp-block-heading has-text-align-center has-neve-text-color-color has-text-color\">Plomberie<\/h4>\n<p><!-- \/wp:heading --><!-- wp:paragraph --><\/p>\n<ul>\n<li>R\u00e9paration et entretien des canalisations.<\/li>\n<\/ul>\n<p><!-- \/wp:paragraph --><!-- wp:paragraph --><\/p>\n<ul>\n<li>D\u00e9pannage en cas de fuites ou d\u2019obstructions.<\/li>\n<\/ul>\n<p><!-- \/wp:paragraph --><!-- wp:paragraph --><\/p>\n<ul>\n<li>Installation de nouveaux \u00e9quipements (robinets, chauffe-eaux, syst\u00e8mes sanitaires).<\/li>\n<\/ul>\n<p><!-- \/wp:paragraph --><!-- wp:paragraph --><\/p>\n<ul>\n<li>Diagnostic complet et entretien pr\u00e9ventif pour prolonger la dur\u00e9e de vie de vos installations.<\/li>\n<\/ul>\n<p><!-- \/wp:paragraph --><\/p>\n<\/div>\n<p><!-- \/wp:column --><!-- wp:column {\"style\":{\"spacing\":{\"padding\":{\"right\":\"var:preset|spacing|30\",\"left\":\"var:preset|spacing|30\"}}}} --><\/p>\n<div class=\"wp-block-column\" style=\"padding-right: var(--wp--preset--spacing--30); padding-left: var(--wp--preset--spacing--30);\">\n<p><!-- wp:image {\"id\":936,\"sizeSlug\":\"full\",\"linkDestination\":\"none\",\"align\":\"center\",\"className\":\"icon-style is-style-default\",\"style\":{\"color\":{\"duotone\":\"unset\"},\"border\":{\"radius\":\"0px\"}}} --><\/p>\n<figure class=\"wp-block-image aligncenter size-full has-custom-border icon-style is-style-default\"><img loading=\"lazy\" decoding=\"async\" class=\"alignnone wp-image-1112 size-full\" style=\"border-radius: 0px;\" src=\"http:\/\/www.hydrosolutions13.fr\/wp-content\/uploads\/2025\/02\/toiture.png\" alt=\"\" width=\"64\" height=\"64\" \/><\/figure>\n<p><!-- \/wp:image --><!-- wp:spacer {\"height\":\"16px\"} --><\/p>\n<div class=\"wp-block-spacer\" style=\"height: 16px;\" aria-hidden=\"true\">\u00a0<\/div>\n<p><!-- \/wp:spacer --><!-- wp:heading {\"textAlign\":\"center\",\"level\":3,\"className\":\"has-text-align-center\",\"textColor\":\"neve-text-color\"} --><\/p>\n<h4 class=\"wp-block-heading has-text-align-center has-neve-text-color-color has-text-color\">Couverture<\/h4>\n<p><!-- \/wp:heading --><!-- wp:paragraph {\"align\":\"left\"} --><\/p>\n<ul>\n<li>R\u00e9paration et r\u00e9novation de toitures : tuiles, zinc, ardoises.<\/li>\n<\/ul>\n<p><!-- \/wp:paragraph --><!-- wp:paragraph {\"align\":\"left\"} --><\/p>\n<ul>\n<li class=\"has-text-align-left\">Recherche et traitement des infiltrations d\u2019eau.<\/li>\n<\/ul>\n<p><!-- \/wp:paragraph --><!-- wp:paragraph {\"align\":\"left\"} --><\/p>\n<ul>\n<li class=\"has-text-align-left\">\u00c9tanch\u00e9it\u00e9 et isolation thermique pour am\u00e9liorer votre confort.<\/li>\n<\/ul>\n<p><!-- \/wp:paragraph --><!-- wp:paragraph {\"align\":\"left\"} --><\/p>\n<ul>\n<li class=\"has-text-align-left\">Entretien r\u00e9gulier : nettoyage, remplacement de mat\u00e9riaux us\u00e9s, traitement des mousses.<\/li>\n<\/ul>\n<\/div>\n<\/div>\n<\/div>\t\t\t\t\t\t\t\t<\/div>\n\t\t\t\t<\/div>\n\t\t<div class=\"elementor-element elementor-element-e5ae90f e-flex e-con-boxed e-con e-child\" data-id=\"e5ae90f\" data-element_type=\"container\" data-settings=\"{&quot;background_background&quot;:&quot;classic&quot;}\">\n\t\t\t\t\t<div class=\"e-con-inner\">\n\t\t\t\t<div class=\"elementor-element elementor-element-3a79e63 elementor-hidden-mobile elementor-invisible elementor-widget elementor-widget-heading\" data-id=\"3a79e63\" data-element_type=\"widget\" data-settings=\"{&quot;_animation&quot;:&quot;fadeIn&quot;}\" data-widget_type=\"heading.default\">\n\t\t\t\t<div class=\"elementor-widget-container\">\n\t\t\t\t\t<h2 class=\"elementor-heading-title elementor-size-default\">Pourquoi choisir HYDROSOLUTIONS13 ?<\/h2>\t\t\t\t<\/div>\n\t\t\t\t<\/div>\n\t\t\t\t<div class=\"elementor-element elementor-element-d3a6e91 elementor-hidden-desktop elementor-hidden-tablet elementor-widget elementor-widget-heading\" data-id=\"d3a6e91\" data-element_type=\"widget\" data-widget_type=\"heading.default\">\n\t\t\t\t<div class=\"elementor-widget-container\">\n\t\t\t\t\t<h3 class=\"elementor-heading-title elementor-size-default\">Pourquoi choisir HYDRO<br>SOLUTIONS13 ?<\/h3>\t\t\t\t<\/div>\n\t\t\t\t<\/div>\n\t\t<div class=\"elementor-element elementor-element-8923194 e-grid e-con-full e-con e-child\" data-id=\"8923194\" data-element_type=\"container\">\n\t\t\t\t<div class=\"elementor-element elementor-element-9b2e335 elementor-widget elementor-widget-text-editor\" data-id=\"9b2e335\" data-element_type=\"widget\" data-widget_type=\"text-editor.default\">\n\t\t\t\t<div class=\"elementor-widget-container\">\n\t\t\t\t\t\t\t\t\t<p>\u2022 Expertise reconnue : Des ann\u00e9es d\u2019exp\u00e9rience dans la plomberie, la couverture et la d\u00e9tection de fuites.<\/p>\n<p>\u2022 Technologies modernes : \u00c9quipements de pointe pour des diagnostics pr\u00e9cis et des solutions rapides.<\/p>\n<p>\u2022 Interventions sur mesure : Chaque probl\u00e8me est unique, nos solutions le sont aussi.<\/p>\n<p>\u2022 Engagement qualit\u00e9 : Satisfaction client au c\u0153ur de nos priorit\u00e9s, avec un service r\u00e9actif et transparent.<\/p>\n<p>\u2022 Zone d\u2019intervention \u00e9largie : Bas\u00e9s \u00e0 Aix-en-Provence, nous couvrons l\u2019ensemble des Bouches-du-Rh\u00f4ne.<\/p>\t\t\t\t\t\t\t\t<\/div>\n\t\t\t\t<\/div>\n\t\t\t\t<div class=\"elementor-element elementor-element-b390f55 elementor-widget elementor-widget-image\" data-id=\"b390f55\" data-element_type=\"widget\" data-widget_type=\"image.default\">\n\t\t\t\t<div class=\"elementor-widget-container\">\n\t\t\t\t\t\t\t\t\t\t\t\t\t\t\t<img loading=\"lazy\" decoding=\"async\" width=\"1024\" height=\"684\" src=\"https:\/\/www.hydrosolutions13.fr\/wp-content\/uploads\/2025\/02\/AdobeStock_259841694-min-scaled-1-1024x684.jpeg\" class=\"attachment-large size-large wp-image-1116\" alt=\"\" srcset=\"https:\/\/www.hydrosolutions13.fr\/wp-content\/uploads\/2025\/02\/AdobeStock_259841694-min-scaled-1-1024x684.jpeg 1024w, https:\/\/www.hydrosolutions13.fr\/wp-content\/uploads\/2025\/02\/AdobeStock_259841694-min-scaled-1-300x200.jpeg 300w, https:\/\/www.hydrosolutions13.fr\/wp-content\/uploads\/2025\/02\/AdobeStock_259841694-min-scaled-1-768x513.jpeg 768w, https:\/\/www.hydrosolutions13.fr\/wp-content\/uploads\/2025\/02\/AdobeStock_259841694-min-scaled-1-1536x1025.jpeg 1536w, https:\/\/www.hydrosolutions13.fr\/wp-content\/uploads\/2025\/02\/AdobeStock_259841694-min-scaled-1-2048x1367.jpeg 2048w, https:\/\/www.hydrosolutions13.fr\/wp-content\/uploads\/2025\/02\/AdobeStock_259841694-min-scaled-1-930x620.jpeg 930w\" sizes=\"(max-width: 1024px) 100vw, 1024px\" \/>\t\t\t\t\t\t\t\t\t\t\t\t\t\t\t<\/div>\n\t\t\t\t<\/div>\n\t\t\t\t<\/div>\n\t\t\t\t\t<\/div>\n\t\t\t\t<\/div>\n\t\t\t\t<div class=\"elementor-element elementor-element-6e233a7 elementor-widget elementor-widget-spacer\" data-id=\"6e233a7\" data-element_type=\"widget\" data-widget_type=\"spacer.default\">\n\t\t\t\t<div class=\"elementor-widget-container\">\n\t\t\t\t\t\t\t<div class=\"elementor-spacer\">\n\t\t\t<div class=\"elementor-spacer-inner\"><\/div>\n\t\t<\/div>\n\t\t\t\t\t\t<\/div>\n\t\t\t\t<\/div>\n\t\t<div class=\"elementor-element elementor-element-280507f e-con-full e-flex e-con e-child\" data-id=\"280507f\" data-element_type=\"container\">\n\t\t\t\t<div class=\"elementor-element elementor-element-ca84501 elementor-widget elementor-widget-heading\" data-id=\"ca84501\" data-element_type=\"widget\" data-widget_type=\"heading.default\">\n\t\t\t\t<div class=\"elementor-widget-container\">\n\t\t\t\t\t<h2 class=\"elementor-heading-title elementor-size-default\">Contactez-nous<\/h2>\t\t\t\t<\/div>\n\t\t\t\t<\/div>\n\t\t\t\t<div class=\"elementor-element elementor-element-98f6246 elementor-widget elementor-widget-text-editor\" data-id=\"98f6246\" data-element_type=\"widget\" data-widget_type=\"text-editor.default\">\n\t\t\t\t<div class=\"elementor-widget-container\">\n\t\t\t\t\t\t\t\t\t<p>Vous avez une fuite, une panne ou un besoin en r\u00e9novation ?&nbsp;<\/p>\n<p>Notre \u00e9quipe est \u00e0 votre disposition pour une intervention rapide et efficace.<\/p>\n<p><b style=\"text-align: var(--text-align); background-color: var(--nv-site-bg); color: var( --e-global-color-text ); font-family: var( --e-global-typography-text-font-family ), Sans-serif; font-size: var( --e-global-typography-text-font-size ); font-style: var( --e-global-typography-text-font-style ); letter-spacing: var( --e-global-typography-text-letter-spacing ); text-transform: var( --e-global-typography-text-text-transform );\">T\u00e9l\u00e9phone<\/b><span style=\"text-align: var(--text-align); background-color: var(--nv-site-bg); color: var( --e-global-color-text ); font-family: var( --e-global-typography-text-font-family ), Sans-serif; font-size: var( --e-global-typography-text-font-size ); font-style: var( --e-global-typography-text-font-style ); font-weight: var( --e-global-typography-text-font-weight ); letter-spacing: var( --e-global-typography-text-letter-spacing ); text-transform: var( --e-global-typography-text-text-transform );\"> : 0786182529<\/span><\/p>\n<p><b>Email<\/b> :&nbsp;<a style=\"color: #1155cc;\" href=\"mailto:contact@hydrosolutions13.fr\" target=\"_blank\" rel=\"noopener\">contact@hydrosolutions13.fr<\/a><\/p><p><b style=\"background-color: var(--nv-site-bg); color: var( --e-global-color-text ); font-family: var( --e-global-typography-text-font-family ), Sans-serif; font-size: var( --e-global-typography-text-font-size ); font-style: var( --e-global-typography-text-font-style ); letter-spacing: var( --e-global-typography-text-letter-spacing ); text-transform: var( --e-global-typography-text-text-transform );\">Horaires<\/b><span style=\"background-color: var(--nv-site-bg); color: var( --e-global-color-text ); font-family: var( --e-global-typography-text-font-family ), Sans-serif; font-size: var( --e-global-typography-text-font-size ); font-style: var( --e-global-typography-text-font-style ); font-weight: var( --e-global-typography-text-font-weight ); letter-spacing: var( --e-global-typography-text-letter-spacing ); text-transform: var( --e-global-typography-text-text-transform );\"> : Lundi &#8211; Samedi : 8h &#8211; 18h<\/span><\/p>\t\t\t\t\t\t\t\t<\/div>\n\t\t\t\t<\/div>\n\t\t\t\t<div class=\"elementor-element elementor-element-3ded615 elementor-widget elementor-widget-google_maps\" data-id=\"3ded615\" data-element_type=\"widget\" data-widget_type=\"google_maps.default\">\n\t\t\t\t<div class=\"elementor-widget-container\">\n\t\t\t\t\t\t\t<div class=\"elementor-custom-embed\">\n\t\t\t<iframe loading=\"lazy\"\n\t\t\t\t\tsrc=\"https:\/\/maps.google.com\/maps?q=aix-en-provence&#038;t=m&#038;z=10&#038;output=embed&#038;iwloc=near\"\n\t\t\t\t\ttitle=\"aix-en-provence\"\n\t\t\t\t\taria-label=\"aix-en-provence\"\n\t\t\t><\/iframe>\n\t\t<\/div>\n\t\t\t\t\t\t<\/div>\n\t\t\t\t<\/div>\n\t\t\t\t<div class=\"elementor-element elementor-element-92f0ff8 elementor-widget-divider--view-line elementor-widget elementor-widget-divider\" data-id=\"92f0ff8\" data-element_type=\"widget\" data-widget_type=\"divider.default\">\n\t\t\t\t<div class=\"elementor-widget-container\">\n\t\t\t\t\t\t\t<div class=\"elementor-divider\">\n\t\t\t<span class=\"elementor-divider-separator\">\n\t\t\t\t\t\t<\/span>\n\t\t<\/div>\n\t\t\t\t\t\t<\/div>\n\t\t\t\t<\/div>\n\t\t\t\t<div class=\"elementor-element elementor-element-eded1ee elementor-widget elementor-widget-spacer\" data-id=\"eded1ee\" data-element_type=\"widget\" data-widget_type=\"spacer.default\">\n\t\t\t\t<div class=\"elementor-widget-container\">\n\t\t\t\t\t\t\t<div class=\"elementor-spacer\">\n\t\t\t<div class=\"elementor-spacer-inner\"><\/div>\n\t\t<\/div>\n\t\t\t\t\t\t<\/div>\n\t\t\t\t<\/div>\n\t\t\t\t<div class=\"elementor-element elementor-element-0b676ee elementor-widget elementor-widget-text-editor\" data-id=\"0b676ee\" data-element_type=\"widget\" data-widget_type=\"text-editor.default\">\n\t\t\t\t<div class=\"elementor-widget-container\">\n\t\t\t\t\t\t\t\t\t<p>*Conditions G\u00e9n\u00e9rales &#8211; Offre\u00a0<span style=\"text-align: var(--text-align); background-color: var(--nv-site-bg); color: var( --e-global-color-text ); font-family: var( --e-global-typography-text-font-family ), Sans-serif; font-size: var( --e-global-typography-text-font-size ); font-style: var( --e-global-typography-text-font-style ); font-weight: var( --e-global-typography-text-font-weight ); letter-spacing: var( --e-global-typography-text-letter-spacing ); text-transform: var( --e-global-typography-text-text-transform );\">Recommandation<\/span><\/p>\n<p>1. Offre : Un ch\u00e8que de 100 \u20ac est offert \u00e0 toute personne recommandant un nettoyage de toiture de 50 m* minimum.<\/p>\n<p>2. Conditions : Le chantier doit \u00eatre r\u00e9alis\u00e9 et r\u00e9gl\u00e9 avant l&#8217;attribution du ch\u00e8que.<\/p>\n<p>3. R\u00e9clamation: La recommandation doit \u00eatre faite avant le d\u00e9but des travaux. Le ch\u00e8que sera remis apr\u00e8s r\u00e9ception du paiement complet du chantier recommand\u00e9.<\/p>\n<p>4. Responsabilit\u00e9<\/p>\n<p>Hydro-Solution 13 ne pourra \u00eatre tenue responsable en cas de litige ou de non-r\u00e9alisation du chantier, ind\u00e9pendamment de la recommandation effectu\u00e9e.<\/p>\n<p>Hydro-Solution 13 se r\u00e9serve le droit de modifier ou annuler l&#8217;offre \u00e0 tout moment.<\/p>\n<p>\u00a0<\/p>\t\t\t\t\t\t\t\t<\/div>\n\t\t\t\t<\/div>\n\t\t\t\t<\/div>\n\t\t\t\t\t<\/div>\n\t\t\t\t<\/div>\n\t\t\t\t<\/div>\n\t\t","protected":false},"excerpt":{"rendered":"<p>HYDROSOLUTIONS13 Bas\u00e9e \u00e0 Aix-en-Provence, HYDROSOLUTIONS13 est votre entreprise sp\u00e9cialis\u00e9e en recherche de fuites, travaux de plomberie et couverture dans les Bouches-du-Rh\u00f4ne. Notre \u00e9quipe d\u2019experts intervient rapidement et efficacement pour r\u00e9pondre \u00e0 vos besoins en mati\u00e8re de maintenance, de r\u00e9paration et d\u2019entretien. Avec des solutions sur mesure et un savoir-faire reconnu, nous sommes l\u00e0 pour prot\u00e9ger&hellip;&nbsp;<a href=\"https:\/\/www.hydrosolutions13.fr\/\" rel=\"bookmark\">Read More &raquo;<span class=\"screen-reader-text\">Accueil<\/span><\/a><\/p>\n","protected":false},"author":2,"featured_media":0,"parent":0,"menu_order":0,"comment_status":"closed","ping_status":"closed","template":"page-templates\/template-pagebuilder-full-width.php","meta":{"neve_meta_sidebar":"default","neve_meta_container":"default","neve_meta_enable_content_width":"on","neve_meta_content_width":100,"neve_meta_title_alignment":"","neve_meta_author_avatar":"","neve_post_elements_order":"","neve_meta_disable_header":"","neve_meta_disable_footer":"","neve_meta_disable_title":"on","_themeisle_gutenberg_block_has_review":false,"footnotes":""},"class_list":["post-946","page","type-page","status-publish","hentry"],"_links":{"self":[{"href":"https:\/\/www.hydrosolutions13.fr\/index.php\/wp-json\/wp\/v2\/pages\/946","targetHints":{"allow":["GET"]}}],"collection":[{"href":"https:\/\/www.hydrosolutions13.fr\/index.php\/wp-json\/wp\/v2\/pages"}],"about":[{"href":"https:\/\/www.hydrosolutions13.fr\/index.php\/wp-json\/wp\/v2\/types\/page"}],"author":[{"embeddable":true,"href":"https:\/\/www.hydrosolutions13.fr\/index.php\/wp-json\/wp\/v2\/users\/2"}],"replies":[{"embeddable":true,"href":"https:\/\/www.hydrosolutions13.fr\/index.php\/wp-json\/wp\/v2\/comments?post=946"}],"version-history":[{"count":274,"href":"https:\/\/www.hydrosolutions13.fr\/index.php\/wp-json\/wp\/v2\/pages\/946\/revisions"}],"predecessor-version":[{"id":1505,"href":"https:\/\/www.hydrosolutions13.fr\/index.php\/wp-json\/wp\/v2\/pages\/946\/revisions\/1505"}],"wp:attachment":[{"href":"https:\/\/www.hydrosolutions13.fr\/index.php\/wp-json\/wp\/v2\/media?parent=946"}],"curies":[{"name":"wp","href":"https:\/\/api.w.org\/{rel}","templated":true}]}}